{"id":3286,"date":"2024-07-25T03:24:24","date_gmt":"2024-07-25T03:24:24","guid":{"rendered":"https:\/\/platy.me\/?page_id=3286"},"modified":"2024-07-25T03:30:12","modified_gmt":"2024-07-25T03:30:12","slug":"terminos-y-condiciones-del-uso-de-la-plataforma-de-pago-platy","status":"publish","type":"page","link":"https:\/\/platy.me\/en\/terminos-y-condiciones-del-uso-de-la-plataforma-de-pago-platy\/","title":{"rendered":"T\u00e9rminos y condiciones del uso de la plataforma de pago Platy"},"content":{"rendered":"<div data-elementor-type=\"wp-page\" data-elementor-id=\"3286\" class=\"elementor elementor-3286\">\n\t\t\t\t\t\t<section class=\"has_ma_el_bg_slider elementor-section elementor-top-section elementor-element elementor-element-cb33509 elementor-section-full_width elementor-section-height-min-height elementor-section-height-default elementor-section-items-middle jltma-glass-effect-no\" data-id=\"cb33509\" data-element_type=\"section\" data-settings=\"{&quot;background_background&quot;:&quot;classic&quot;}\">\n\t\t\t\t\t\t<div class=\"elementor-container elementor-column-gap-default\">\n\t\t\t\t\t<div class=\"has_ma_el_bg_slider elementor-column elementor-col-50 elementor-top-column elementor-element elementor-element-25d0792 jltma-glass-effect-no\" data-id=\"25d0792\" data-element_type=\"column\">\n\t\t\t<div class=\"elementor-widget-wrap elementor-element-populated\">\n\t\t\t\t\t\t<div class=\"elementor-element elementor-element-a8f8541 jltma-glass-effect-no elementor-widget elementor-widget-image\" data-id=\"a8f8541\" data-element_type=\"widget\" data-widget_type=\"image.default\">\n\t\t\t\t<div class=\"elementor-widget-container\">\n\t\t\t\t\t\t\t\t\t\t\t\t\t<img fetchpriority=\"high\" decoding=\"async\" width=\"301\" height=\"301\" src=\"https:\/\/platy.me\/wp-content\/uploads\/2022\/12\/LOGO-ICON-PLATY-blanco.png\" class=\"attachment-large size-large wp-image-2211\" alt=\"icono platy\" srcset=\"https:\/\/platy.me\/wp-content\/uploads\/2022\/12\/LOGO-ICON-PLATY-blanco.png 301w, https:\/\/platy.me\/wp-content\/uploads\/2022\/12\/LOGO-ICON-PLATY-blanco-150x150.png 150w\" sizes=\"(max-width: 301px) 100vw, 301px\" \/>\t\t\t\t\t\t\t\t\t\t\t\t\t<\/div>\n\t\t\t\t<\/div>\n\t\t\t\t\t<\/div>\n\t\t<\/div>\n\t\t\t\t<div class=\"has_ma_el_bg_slider elementor-column elementor-col-50 elementor-top-column elementor-element elementor-element-38d973b jltma-glass-effect-no\" data-id=\"38d973b\" data-element_type=\"column\">\n\t\t\t<div class=\"elementor-widget-wrap elementor-element-populated\">\n\t\t\t\t\t\t<div class=\"elementor-element elementor-element-546fa68 jltma-glass-effect-no elementor-widget elementor-widget-heading\" data-id=\"546fa68\" data-element_type=\"widget\" data-widget_type=\"heading.default\">\n\t\t\t\t<div class=\"elementor-widget-container\">\n\t\t\t<h2 class=\"elementor-heading-title elementor-size-default\">T\u00e9rminos y condiciones del uso\nde la plataforma de pago Platy<\/h2>\t\t<\/div>\n\t\t\t\t<\/div>\n\t\t\t\t\t<\/div>\n\t\t<\/div>\n\t\t\t\t\t<\/div>\n\t\t<\/section>\n\t\t\t\t<section class=\"has_ma_el_bg_slider elementor-section elementor-top-section elementor-element elementor-element-c570640 elementor-section-boxed elementor-section-height-default elementor-section-height-default jltma-glass-effect-no\" data-id=\"c570640\" data-element_type=\"section\">\n\t\t\t\t\t\t<div class=\"elementor-container elementor-column-gap-default\">\n\t\t\t\t\t<div class=\"has_ma_el_bg_slider elementor-column elementor-col-100 elementor-top-column elementor-element elementor-element-293c0ec jltma-glass-effect-no\" data-id=\"293c0ec\" data-element_type=\"column\">\n\t\t\t<div class=\"elementor-widget-wrap elementor-element-populated\">\n\t\t\t\t\t\t<div class=\"elementor-element elementor-element-dfc02e6 jltma-glass-effect-no elementor-widget elementor-widget-text-editor\" data-id=\"dfc02e6\" data-element_type=\"widget\" data-widget_type=\"text-editor.default\">\n\t\t\t\t<div class=\"elementor-widget-container\">\n\t\t\t\t\t\t\t<div><br><\/div><ol>\n\n<li>\n<p><strong>Dirigido a: Compradores<\/strong><\/p>\n<p>Antes de utilizar nuestros servicios debes conocer y aceptar los T\u00e9rminos y Condiciones de Uso para la Plataforma Tecnol\u00f3gica.<br>1. La aprobaci\u00f3n de lo aqu\u00ed estipulado se entiende aceptado una vez des clic en el bot\u00f3n identificado como \u201cConozco y Acepto los t\u00e9rminos y condiciones\u201d<br>2. de igual forma se asume que existe la capacidad legal para el uso de la plataforma, as\u00ed como para la compra del art\u00edculo respectivo de conformidad a las leyes civiles de la Rep\u00fablica de Colombia.<br>3. Una vez des click, se te habilita el uso de la plataforma tecnol\u00f3gica como canal de pago de los productos o servicios ofrecidos por los comercios afiliados a PLATY.<\/p>\n<p>La garant\u00eda de los bienes o servicios que pagas a trav\u00e9s de nuestra plataforma es responsabilidad de cada comercio.<br>5. Nuestro servicio para compradores es totalmente gratuito, si eventualmente se genera un cobro, te informaremos de forma oportuna.<br>6. PLATY&nbsp;podr\u00e1 cancelar el servicio si detecta que es usado de forma fraudulenta y se reserva el uso de los mecanismos legales para la reparaci\u00f3n ante el surgimiento de cualquier tipo de perjuicio.<\/p>\n<p><\/p>\n<p>DECLARACIONES DEL COMPRADOR<br>7. Declaras y entiendes que PLATY no es un sistema de captaci\u00f3n de activos o de dep\u00f3sitos<br>8. Declaras en calidad de comprador que en ning\u00fan caso la Plataforma tecnol\u00f3gica ser\u00e1 usada para Pagar sumas de dinero que no correspondan a la enajenaci\u00f3n de un bien o servicio a un Comercio afiliado a PLATY, de igual forma, no ser\u00e1 usada para transferir dinero a cuentas bancarias propias o de terceros, adquirir valores, hacer giros postales, o cualquier otra actividad de intermediaci\u00f3n bancaria de competencia de las entidades del sector financiero, para adquirir bienes o servicios il\u00edcitos o prohibidos seg\u00fan la legislaci\u00f3n de la Rep\u00fablica de Colombia.<br>9. PLATY&nbsp;act\u00faa como intermediario y en dicha calidad transitan los recursos de la compra de bienes y\/o servicios que haces a los comercios afiliados.<br>10. Los pagos que realizas a trav\u00e9s de PLATY&nbsp;a los comercios afiliados a este, est\u00e1n sometidos al estatuto del consumidor Ley 1480 de 2011, motivo por el cual PLATY&nbsp;no se responsabiliza de la garant\u00eda, seguridad, tiempo de entrega y de la calidad de los productos o servicios que pagas a los Comercios.<\/p>\n<div>&nbsp;ADMINISTRACI\u00d3N DE LA INFORMACI\u00d3N.<\/div>\n<div>11. Aceptas el uso de tu informaci\u00f3n personal en los t\u00e9rminos y condiciones se\u00f1alados en la Pol\u00edtica de Privacidad, que se encuentra disponible y puedes consultar nuestro sitio web www.ebixu.com raz\u00f3n por la PLATY&nbsp;podr\u00e1:, Confirmar tu informaci\u00f3n con el objetivo de evitar suplantaciones de identidad de los compradores o usuarios, informarte sobre fallos y actualizaciones de nuestros servicios, realizar el reporte ante centrales de riesgos en caso de no realizar los pagos a tu cargo o que estos sean ficticios, facturar el uso de los servicios prestados por PLATY, verificar tu informaci\u00f3n con terceros, franquicias de pago como Visa y Mastercard, sin limitarse a estas, disponer de la informaci\u00f3n prop\u00f3sitos estad\u00edsticos, de estudios, o an\u00e1lisis para la implementaci\u00f3n de planes de mejoramiento de la calidad de los servicios prestados por parte de PLATY.&nbsp;Tu informaci\u00f3n personal ser\u00e1 administrada por el t\u00e9rmino se\u00f1alado en la Ley vigente o aquella que llegare a regir. Autorizas a PLATY&nbsp;para enviarte informaci\u00f3n publicitaria de las ofertas o eventos comerciales realizados por los comercios afiliados con nosotros, eventualmente y en caso de as\u00ed desearlo podr\u00e1s declinar la recepci\u00f3n de dichas ofertas.<\/div>\n<div>&nbsp;<\/div>\n<div>GARANT\u00cdAS E INDEMNIDAD<br>12. PLATY&nbsp;no Garantiza que puedan existir demoras en la confirmaci\u00f3n de pagos, fraudes, fugas de informaci\u00f3n o interrupciones en la accesibilidad a la plataforma del pagador por cuenta de terceros inescrupulosos, proporcionar\u00e1 est\u00e1ndares altos de seguridad y diligencia en el manejo de informaci\u00f3n y la operaci\u00f3n de pagos a cada comercio, no obstante no ser\u00e1 responsable contractual, extracontractualmente, por da\u00f1o emergente o lucro cesante por retrasos en validaci\u00f3n de pagos, suplantaci\u00f3n de identidad o por la no disponibilidad de la plataforma de pagos vinculada a los servicios prestados por PLATY, de forma excepcional habr\u00e1 responsabilidad nuestra en caso de da\u00f1o demostrado en virtud del dolo o por omisi\u00f3n debidamente demostrada respecto de la prestaci\u00f3n de nuestros servicios, el l\u00edmite de dicha responsabilidad en cualquier caso corresponder\u00e1 al valor del pago realizado por el comprador.<\/div>\n<div>&nbsp;<\/div>\n<div>REFORMA DE LOS TERMINOS Y CONDICIONES<br>13. Eventualmente PLATY&nbsp;podr\u00e1 modificar este documento, cuando sea pertinente en consideraci\u00f3n a las leyes vigentes.<br>14. Las reformas ser\u00e1n debidamente notificadas a cada comprador a trav\u00e9s de nuestro sitio web y en ning\u00fan caso tendr\u00e1n efecto sobre las compras realizadas con anterioridad.<\/div>\n<div>&nbsp;<\/div>\n<div>FORMAS DE TERMINACI\u00d3N<br>15. La utilizaci\u00f3n de nuestros servicios es de libre disposici\u00f3n por lo que podr\u00e1s dejar de usarlos cuando desees, de igual forma suspenderemos el servicio de tu cuenta en caso de fraude o suplantaci\u00f3n o sospecha del mismo por parte de terceros.<br>16. En la oportunidad en que autoridad competente as\u00ed lo determine.&nbsp;<\/div>\n<div>&nbsp;<\/div>\n<div>OTRAS DISPOSICIONES<br>17. Las condiciones y t\u00e9rminos aqu\u00ed se\u00f1alados constituyen un contrato que no es susceptible de ser cedido sin previa autorizaci\u00f3n de PLATY<br>18. En eventos de caso fortuito o fuerza mayor que generen incumplimiento por parte de&nbsp; PLATY&nbsp;no habr\u00e1 lugar a responsabilidad atribuible alguna.<br>19. En caso de dudas o inquietudes espec\u00edficas puedes contactarnos a trav\u00e9s de los siguientes medios: correo electr\u00f3nico:&nbsp;info@platy.me<\/div>\n<div>&nbsp;<\/div>\n<p><span style=\"background-color: transparent;\">JURISDICCI\u00d3N Y SOLUCI\u00d3N DE CONTROVERSIAS. Cualquier diferencia generada con ocasi\u00f3n a nuestros servicios, ser\u00e1 resuelta bajo las leyes de la Rep\u00fablica de Colombia, aplicando los requisitos de procedibilidad del caso.<\/span><br>Las reversiones de pagos solo pueden tramitarse en los tiempos del&nbsp;&nbsp;587 de, 2016. PLATY<\/p><\/li>\n<\/ol>\t\t\t\t\t\t<\/div>\n\t\t\t\t<\/div>\n\t\t\t\t\t<\/div>\n\t\t<\/div>\n\t\t\t\t\t<\/div>\n\t\t<\/section>\n\t\t\t\t<\/div>","protected":false},"excerpt":{"rendered":"<p>T\u00e9rminos y condiciones del uso de la plataforma de pago Platy Dirigido a: Compradores Antes de utilizar nuestros servicios debes conocer y aceptar los T\u00e9rminos y Condiciones de Uso para la Plataforma Tecnol\u00f3gica.1. La aprobaci\u00f3n de lo aqu\u00ed estipulado se entiende aceptado una vez des clic en el bot\u00f3n identificado como \u201cConozco y Acepto los [&hellip;]<\/p>\n","protected":false},"author":1,"featured_media":0,"parent":0,"menu_order":0,"comment_status":"closed","ping_status":"closed","template":"elementor_header_footer","meta":{"footnotes":""},"class_list":["post-3286","page","type-page","status-publish","hentry"],"yoast_head":"<!-- This site is optimized with the Yoast SEO plugin v27.4 - https:\/\/yoast.com\/product\/yoast-seo-wordpress\/ -->\n<title>T\u00e9rminos y condiciones del uso de la plataforma de pago Platy - PLATY<\/title>\n<meta name=\"robots\" content=\"index, follow, max-snippet:-1, max-image-preview:large, max-video-preview:-1\" \/>\n<link rel=\"canonical\" href=\"https:\/\/platy.me\/en\/terminos-y-condiciones-del-uso-de-la-plataforma-de-pago-platy\/\" \/>\n<meta property=\"og:locale\" content=\"en_US\" \/>\n<meta property=\"og:type\" content=\"article\" \/>\n<meta property=\"og:title\" content=\"T\u00e9rminos y condiciones del uso de la plataforma de pago Platy - PLATY\" \/>\n<meta property=\"og:description\" content=\"T\u00e9rminos y condiciones del uso de la plataforma de pago Platy Dirigido a: Compradores Antes de utilizar nuestros servicios debes conocer y aceptar los T\u00e9rminos y Condiciones de Uso para la Plataforma Tecnol\u00f3gica.1. La aprobaci\u00f3n de lo aqu\u00ed estipulado se entiende aceptado una vez des clic en el bot\u00f3n identificado como \u201cConozco y Acepto los [&hellip;]\" \/>\n<meta property=\"og:url\" content=\"https:\/\/platy.me\/en\/terminos-y-condiciones-del-uso-de-la-plataforma-de-pago-platy\/\" \/>\n<meta property=\"og:site_name\" content=\"PLATY\" \/>\n<meta property=\"article:modified_time\" content=\"2024-07-25T03:30:12+00:00\" \/>\n<meta property=\"og:image\" content=\"https:\/\/platy.me\/wp-content\/uploads\/2022\/12\/LOGO-ICON-PLATY-blanco.png\" \/>\n<meta name=\"twitter:card\" content=\"summary_large_image\" \/>\n<meta name=\"twitter:label1\" content=\"Est. reading time\" \/>\n\t<meta name=\"twitter:data1\" content=\"5 minutes\" \/>\n<script type=\"application\/ld+json\" class=\"yoast-schema-graph\">{\"@context\":\"https:\\\/\\\/schema.org\",\"@graph\":[{\"@type\":\"WebPage\",\"@id\":\"https:\\\/\\\/platy.me\\\/terminos-y-condiciones-del-uso-de-la-plataforma-de-pago-platy\\\/\",\"url\":\"https:\\\/\\\/platy.me\\\/terminos-y-condiciones-del-uso-de-la-plataforma-de-pago-platy\\\/\",\"name\":\"T\u00e9rminos y condiciones del uso de la plataforma de pago Platy - PLATY\",\"isPartOf\":{\"@id\":\"https:\\\/\\\/platy.me\\\/#website\"},\"primaryImageOfPage\":{\"@id\":\"https:\\\/\\\/platy.me\\\/terminos-y-condiciones-del-uso-de-la-plataforma-de-pago-platy\\\/#primaryimage\"},\"image\":{\"@id\":\"https:\\\/\\\/platy.me\\\/terminos-y-condiciones-del-uso-de-la-plataforma-de-pago-platy\\\/#primaryimage\"},\"thumbnailUrl\":\"https:\\\/\\\/platy.me\\\/wp-content\\\/uploads\\\/2022\\\/12\\\/LOGO-ICON-PLATY-blanco.png\",\"datePublished\":\"2024-07-25T03:24:24+00:00\",\"dateModified\":\"2024-07-25T03:30:12+00:00\",\"breadcrumb\":{\"@id\":\"https:\\\/\\\/platy.me\\\/terminos-y-condiciones-del-uso-de-la-plataforma-de-pago-platy\\\/#breadcrumb\"},\"inLanguage\":\"en-US\",\"potentialAction\":[{\"@type\":\"ReadAction\",\"target\":[\"https:\\\/\\\/platy.me\\\/terminos-y-condiciones-del-uso-de-la-plataforma-de-pago-platy\\\/\"]}]},{\"@type\":\"ImageObject\",\"inLanguage\":\"en-US\",\"@id\":\"https:\\\/\\\/platy.me\\\/terminos-y-condiciones-del-uso-de-la-plataforma-de-pago-platy\\\/#primaryimage\",\"url\":\"https:\\\/\\\/platy.me\\\/wp-content\\\/uploads\\\/2022\\\/12\\\/LOGO-ICON-PLATY-blanco.png\",\"contentUrl\":\"https:\\\/\\\/platy.me\\\/wp-content\\\/uploads\\\/2022\\\/12\\\/LOGO-ICON-PLATY-blanco.png\"},{\"@type\":\"BreadcrumbList\",\"@id\":\"https:\\\/\\\/platy.me\\\/terminos-y-condiciones-del-uso-de-la-plataforma-de-pago-platy\\\/#breadcrumb\",\"itemListElement\":[{\"@type\":\"ListItem\",\"position\":1,\"name\":\"Portada\",\"item\":\"https:\\\/\\\/platy.me\\\/\"},{\"@type\":\"ListItem\",\"position\":2,\"name\":\"T\u00e9rminos y condiciones del uso de la plataforma de pago Platy\"}]},{\"@type\":\"WebSite\",\"@id\":\"https:\\\/\\\/platy.me\\\/#website\",\"url\":\"https:\\\/\\\/platy.me\\\/\",\"name\":\"PLATY\",\"description\":\"Pasarela de pago en Colombia\",\"publisher\":{\"@id\":\"https:\\\/\\\/platy.me\\\/#organization\"},\"potentialAction\":[{\"@type\":\"SearchAction\",\"target\":{\"@type\":\"EntryPoint\",\"urlTemplate\":\"https:\\\/\\\/platy.me\\\/?s={search_term_string}\"},\"query-input\":{\"@type\":\"PropertyValueSpecification\",\"valueRequired\":true,\"valueName\":\"search_term_string\"}}],\"inLanguage\":\"en-US\"},{\"@type\":\"Organization\",\"@id\":\"https:\\\/\\\/platy.me\\\/#organization\",\"name\":\"PLATY\",\"url\":\"https:\\\/\\\/platy.me\\\/\",\"logo\":{\"@type\":\"ImageObject\",\"inLanguage\":\"en-US\",\"@id\":\"https:\\\/\\\/platy.me\\\/#\\\/schema\\\/logo\\\/image\\\/\",\"url\":\"https:\\\/\\\/platy.me\\\/wp-content\\\/uploads\\\/2022\\\/12\\\/Platy_Positivo-min.png\",\"contentUrl\":\"https:\\\/\\\/platy.me\\\/wp-content\\\/uploads\\\/2022\\\/12\\\/Platy_Positivo-min.png\",\"width\":942,\"height\":288,\"caption\":\"PLATY\"},\"image\":{\"@id\":\"https:\\\/\\\/platy.me\\\/#\\\/schema\\\/logo\\\/image\\\/\"}}]}<\/script>\n<!-- \/ Yoast SEO plugin. -->","yoast_head_json":{"title":"T\u00e9rminos y condiciones del uso de la plataforma de pago Platy - PLATY","robots":{"index":"index","follow":"follow","max-snippet":"max-snippet:-1","max-image-preview":"max-image-preview:large","max-video-preview":"max-video-preview:-1"},"canonical":"https:\/\/platy.me\/en\/terminos-y-condiciones-del-uso-de-la-plataforma-de-pago-platy\/","og_locale":"en_US","og_type":"article","og_title":"T\u00e9rminos y condiciones del uso de la plataforma de pago Platy - PLATY","og_description":"T\u00e9rminos y condiciones del uso de la plataforma de pago Platy Dirigido a: Compradores Antes de utilizar nuestros servicios debes conocer y aceptar los T\u00e9rminos y Condiciones de Uso para la Plataforma Tecnol\u00f3gica.1. La aprobaci\u00f3n de lo aqu\u00ed estipulado se entiende aceptado una vez des clic en el bot\u00f3n identificado como \u201cConozco y Acepto los [&hellip;]","og_url":"https:\/\/platy.me\/en\/terminos-y-condiciones-del-uso-de-la-plataforma-de-pago-platy\/","og_site_name":"PLATY","article_modified_time":"2024-07-25T03:30:12+00:00","og_image":[{"url":"https:\/\/platy.me\/wp-content\/uploads\/2022\/12\/LOGO-ICON-PLATY-blanco.png","type":"","width":"","height":""}],"twitter_card":"summary_large_image","twitter_misc":{"Est. reading time":"5 minutes"},"schema":{"@context":"https:\/\/schema.org","@graph":[{"@type":"WebPage","@id":"https:\/\/platy.me\/terminos-y-condiciones-del-uso-de-la-plataforma-de-pago-platy\/","url":"https:\/\/platy.me\/terminos-y-condiciones-del-uso-de-la-plataforma-de-pago-platy\/","name":"T\u00e9rminos y condiciones del uso de la plataforma de pago Platy - PLATY","isPartOf":{"@id":"https:\/\/platy.me\/#website"},"primaryImageOfPage":{"@id":"https:\/\/platy.me\/terminos-y-condiciones-del-uso-de-la-plataforma-de-pago-platy\/#primaryimage"},"image":{"@id":"https:\/\/platy.me\/terminos-y-condiciones-del-uso-de-la-plataforma-de-pago-platy\/#primaryimage"},"thumbnailUrl":"https:\/\/platy.me\/wp-content\/uploads\/2022\/12\/LOGO-ICON-PLATY-blanco.png","datePublished":"2024-07-25T03:24:24+00:00","dateModified":"2024-07-25T03:30:12+00:00","breadcrumb":{"@id":"https:\/\/platy.me\/terminos-y-condiciones-del-uso-de-la-plataforma-de-pago-platy\/#breadcrumb"},"inLanguage":"en-US","potentialAction":[{"@type":"ReadAction","target":["https:\/\/platy.me\/terminos-y-condiciones-del-uso-de-la-plataforma-de-pago-platy\/"]}]},{"@type":"ImageObject","inLanguage":"en-US","@id":"https:\/\/platy.me\/terminos-y-condiciones-del-uso-de-la-plataforma-de-pago-platy\/#primaryimage","url":"https:\/\/platy.me\/wp-content\/uploads\/2022\/12\/LOGO-ICON-PLATY-blanco.png","contentUrl":"https:\/\/platy.me\/wp-content\/uploads\/2022\/12\/LOGO-ICON-PLATY-blanco.png"},{"@type":"BreadcrumbList","@id":"https:\/\/platy.me\/terminos-y-condiciones-del-uso-de-la-plataforma-de-pago-platy\/#breadcrumb","itemListElement":[{"@type":"ListItem","position":1,"name":"Portada","item":"https:\/\/platy.me\/"},{"@type":"ListItem","position":2,"name":"T\u00e9rminos y condiciones del uso de la plataforma de pago Platy"}]},{"@type":"WebSite","@id":"https:\/\/platy.me\/#website","url":"https:\/\/platy.me\/","name":"PLATY","description":"Pasarela de pago en Colombia","publisher":{"@id":"https:\/\/platy.me\/#organization"},"potentialAction":[{"@type":"SearchAction","target":{"@type":"EntryPoint","urlTemplate":"https:\/\/platy.me\/?s={search_term_string}"},"query-input":{"@type":"PropertyValueSpecification","valueRequired":true,"valueName":"search_term_string"}}],"inLanguage":"en-US"},{"@type":"Organization","@id":"https:\/\/platy.me\/#organization","name":"PLATY","url":"https:\/\/platy.me\/","logo":{"@type":"ImageObject","inLanguage":"en-US","@id":"https:\/\/platy.me\/#\/schema\/logo\/image\/","url":"https:\/\/platy.me\/wp-content\/uploads\/2022\/12\/Platy_Positivo-min.png","contentUrl":"https:\/\/platy.me\/wp-content\/uploads\/2022\/12\/Platy_Positivo-min.png","width":942,"height":288,"caption":"PLATY"},"image":{"@id":"https:\/\/platy.me\/#\/schema\/logo\/image\/"}}]}},"_links":{"self":[{"href":"https:\/\/platy.me\/en\/wp-json\/wp\/v2\/pages\/3286","targetHints":{"allow":["GET"]}}],"collection":[{"href":"https:\/\/platy.me\/en\/wp-json\/wp\/v2\/pages"}],"about":[{"href":"https:\/\/platy.me\/en\/wp-json\/wp\/v2\/types\/page"}],"author":[{"embeddable":true,"href":"https:\/\/platy.me\/en\/wp-json\/wp\/v2\/users\/1"}],"replies":[{"embeddable":true,"href":"https:\/\/platy.me\/en\/wp-json\/wp\/v2\/comments?post=3286"}],"version-history":[{"count":3,"href":"https:\/\/platy.me\/en\/wp-json\/wp\/v2\/pages\/3286\/revisions"}],"predecessor-version":[{"id":3310,"href":"https:\/\/platy.me\/en\/wp-json\/wp\/v2\/pages\/3286\/revisions\/3310"}],"wp:attachment":[{"href":"https:\/\/platy.me\/en\/wp-json\/wp\/v2\/media?parent=3286"}],"curies":[{"name":"wp","href":"https:\/\/api.w.org\/{rel}","templated":true}]}}