{"id":2170,"date":"2022-12-27T21:29:06","date_gmt":"2022-12-27T21:29:06","guid":{"rendered":"https:\/\/platy.me\/?page_id=2170"},"modified":"2024-07-22T20:35:01","modified_gmt":"2024-07-22T20:35:01","slug":"aviso-de-privacidad","status":"publish","type":"page","link":"https:\/\/platy.me\/en\/aviso-de-privacidad\/","title":{"rendered":"Aviso de privacidad"},"content":{"rendered":"<div data-elementor-type=\"wp-page\" data-elementor-id=\"2170\" class=\"elementor elementor-2170\">\n\t\t\t\t\t\t<section class=\"has_ma_el_bg_slider elementor-section elementor-top-section elementor-element elementor-element-cb33509 elementor-section-full_width elementor-section-height-min-height elementor-section-height-default elementor-section-items-middle jltma-glass-effect-no\" data-id=\"cb33509\" data-element_type=\"section\" data-settings=\"{&quot;background_background&quot;:&quot;classic&quot;}\">\n\t\t\t\t\t\t<div class=\"elementor-container elementor-column-gap-default\">\n\t\t\t\t\t<div class=\"has_ma_el_bg_slider elementor-column elementor-col-50 elementor-top-column elementor-element elementor-element-25d0792 jltma-glass-effect-no\" data-id=\"25d0792\" data-element_type=\"column\">\n\t\t\t<div class=\"elementor-widget-wrap elementor-element-populated\">\n\t\t\t\t\t\t<div class=\"elementor-element elementor-element-a8f8541 jltma-glass-effect-no elementor-widget elementor-widget-image\" data-id=\"a8f8541\" data-element_type=\"widget\" data-widget_type=\"image.default\">\n\t\t\t\t<div class=\"elementor-widget-container\">\n\t\t\t\t\t\t\t\t\t\t\t\t\t<img fetchpriority=\"high\" decoding=\"async\" width=\"301\" height=\"301\" src=\"https:\/\/platy.me\/wp-content\/uploads\/2022\/12\/LOGO-ICON-PLATY-blanco.png\" class=\"attachment-large size-large wp-image-2211\" alt=\"icono platy\" srcset=\"https:\/\/platy.me\/wp-content\/uploads\/2022\/12\/LOGO-ICON-PLATY-blanco.png 301w, https:\/\/platy.me\/wp-content\/uploads\/2022\/12\/LOGO-ICON-PLATY-blanco-150x150.png 150w\" sizes=\"(max-width: 301px) 100vw, 301px\" \/>\t\t\t\t\t\t\t\t\t\t\t\t\t<\/div>\n\t\t\t\t<\/div>\n\t\t\t\t\t<\/div>\n\t\t<\/div>\n\t\t\t\t<div class=\"has_ma_el_bg_slider elementor-column elementor-col-50 elementor-top-column elementor-element elementor-element-38d973b jltma-glass-effect-no\" data-id=\"38d973b\" data-element_type=\"column\">\n\t\t\t<div class=\"elementor-widget-wrap elementor-element-populated\">\n\t\t\t\t\t\t<div class=\"elementor-element elementor-element-546fa68 jltma-glass-effect-no elementor-widget elementor-widget-heading\" data-id=\"546fa68\" data-element_type=\"widget\" data-widget_type=\"heading.default\">\n\t\t\t\t<div class=\"elementor-widget-container\">\n\t\t\t<h2 class=\"elementor-heading-title elementor-size-default\">Aviso de privacidad<\/h2>\t\t<\/div>\n\t\t\t\t<\/div>\n\t\t\t\t\t<\/div>\n\t\t<\/div>\n\t\t\t\t\t<\/div>\n\t\t<\/section>\n\t\t\t\t<section class=\"has_ma_el_bg_slider elementor-section elementor-top-section elementor-element elementor-element-c570640 elementor-section-boxed elementor-section-height-default elementor-section-height-default jltma-glass-effect-no\" data-id=\"c570640\" data-element_type=\"section\">\n\t\t\t\t\t\t<div class=\"elementor-container elementor-column-gap-default\">\n\t\t\t\t\t<div class=\"has_ma_el_bg_slider elementor-column elementor-col-100 elementor-top-column elementor-element elementor-element-293c0ec jltma-glass-effect-no\" data-id=\"293c0ec\" data-element_type=\"column\">\n\t\t\t<div class=\"elementor-widget-wrap elementor-element-populated\">\n\t\t\t\t\t\t<div class=\"elementor-element elementor-element-dfc02e6 jltma-glass-effect-no elementor-widget elementor-widget-text-editor\" data-id=\"dfc02e6\" data-element_type=\"widget\" data-widget_type=\"text-editor.default\">\n\t\t\t\t<div class=\"elementor-widget-container\">\n\t\t\t\t\t\t\t<p><strong>Aviso de Privacidad PLATY (PAY ASURRANCE SAS)<\/strong><\/p><p><strong>Responsable del Tratamiento de sus Datos Personales<\/strong><\/p><p>Platy, con domicilio en Bogot\u00e1, es responsable del tratamiento de sus datos personales conforme a la Ley 1581 de 2012 y el Decreto 1377 de 2013.<\/p><p><strong>Finalidades del Tratamiento de sus Datos Personales<\/strong><\/p><p>Sus datos personales ser\u00e1n utilizados para las siguientes finalidades:<\/p><ol><li>Proveer los servicios y productos requeridos.<\/li><li>Informar sobre cambios o nuevos productos o servicios.<\/li><li>Evaluar la calidad del servicio.<\/li><li>Realizar estudios internos sobre h\u00e1bitos de consumo.<\/li><li>Cumplir con obligaciones legales y contractuales.<\/li><\/ol><p><strong>Datos Personales Recolectados <\/strong><\/p><p>Para las finalidades antes mencionadas, podemos recolectar sus datos personales de diferentes formas:<\/p><ol><li>Cuando usted nos los proporciona directamente.<\/li><li>Cuando visita nuestro sitio de Internet o utiliza nuestros servicios en l\u00ednea.<\/li><li>Cuando obtenemos informaci\u00f3n a trav\u00e9s de otras fuentes permitidas por la ley.<\/li><\/ol><p><strong>Datos personales que recolectamos de forma directa:<\/strong><\/p><ul><li>First Name:<\/li><li>Domicilio<\/li><li>Tel\u00e9fono<\/li><li>Correo electr\u00f3nico<\/li><li>Informaci\u00f3n de pago<\/li><\/ul><p><strong>Uso de Tecnolog\u00edas de Seguimiento<\/strong><\/p><p>Le informamos que en nuestra p\u00e1gina de Internet utilizamos cookies y otras tecnolog\u00edas a trav\u00e9s de las cuales es posible monitorear su comportamiento como usuario de Internet, brindarle un mejor servicio y experiencia de usuario al navegar en nuestra p\u00e1gina. Los datos personales que obtenemos a trav\u00e9s de estas tecnolog\u00edas son los siguientes:<\/p><ul><li>Identificadores, nombre de usuario y contrase\u00f1as de una sesi\u00f3n.<\/li><li>Idioma preferido por el usuario.<\/li><li>Regi\u00f3n en la que se encuentra el usuario.<\/li><\/ul><p><strong>Transferencias de Datos<\/strong><\/p><p>Sus datos personales pueden ser transferidos y tratados dentro y fuera del pa\u00eds, por personas distintas a esta empresa. En ese sentido, su informaci\u00f3n puede ser compartida con:<\/p><ol><li>Proveedores de servicios necesarios para cumplir con las finalidades antes descritas.<\/li><li>Empresas afiliadas y subsidiarias de Platy.<\/li><\/ol><p><strong>Medidas de Seguridad<\/strong><\/p><p>Platy ha adoptado las medidas de seguridad necesarias para proteger sus datos personales y evitar su acceso, uso o divulgaci\u00f3n no autorizados. Los datos personales recabados por Platy son almacenados en bases de datos controladas y con acceso restringido.<\/p><p><strong>Derechos del Titular (Acceso, Rectificaci\u00f3n, Cancelaci\u00f3n y Oposici\u00f3n)<\/strong><\/p><p>Usted tiene derecho a conocer, actualizar, rectificar y suprimir sus datos personales, as\u00ed como a revocar la autorizaci\u00f3n para su tratamiento. Estos derechos pueden ser ejercidos a trav\u00e9s de los siguientes medios:<\/p><ol><li>Correo electr\u00f3nico: <a href=\"mailto:info@platy.me\">info@platy.me<\/a><\/li><\/ol><p>Para ejercer sus derechos, puede contactarnos y presentar una solicitud conforme a los requisitos establecidos por la Ley 1581 de 2012.<\/p><p><strong>Cambios en el Aviso de Privacidad<\/strong><\/p><p>Nos reservamos el derecho de efectuar en cualquier momento modificaciones o actualizaciones al presente aviso de privacidad, para la atenci\u00f3n de novedades legislativas o pol\u00edticas internas. Estas modificaciones estar\u00e1n disponibles a trav\u00e9s de los siguientes medios:<\/p><ol><li>En nuestra p\u00e1gina de Internet <a href=\"https:\/\/platy.me\/en\/\">https:\/\/platy.me\/<\/a><\/li><\/ol><p><strong>Contact<\/strong><\/p><p>Si tiene alguna duda sobre este Aviso de Privacidad, puede contactarnos en el correo: <a href=\"mailto:info@platy.me\">info@platy.me<\/a><\/p><p><strong>\u00a0<\/strong><\/p>\t\t\t\t\t\t<\/div>\n\t\t\t\t<\/div>\n\t\t\t\t\t<\/div>\n\t\t<\/div>\n\t\t\t\t\t<\/div>\n\t\t<\/section>\n\t\t\t\t<\/div>","protected":false},"excerpt":{"rendered":"<p>Aviso de privacidad Aviso de Privacidad PLATY (PAY ASURRANCE SAS) Responsable del Tratamiento de sus Datos Personales Platy, con domicilio en Bogot\u00e1, es responsable del tratamiento de sus datos personales conforme a la Ley 1581 de 2012 y el Decreto 1377 de 2013. Finalidades del Tratamiento de sus Datos Personales Sus datos personales ser\u00e1n utilizados [&hellip;]<\/p>\n","protected":false},"author":1,"featured_media":0,"parent":0,"menu_order":0,"comment_status":"closed","ping_status":"closed","template":"elementor_header_footer","meta":{"footnotes":""},"class_list":["post-2170","page","type-page","status-publish","hentry"],"yoast_head":"<!-- This site is optimized with the Yoast SEO plugin v27.4 - https:\/\/yoast.com\/product\/yoast-seo-wordpress\/ -->\n<title>Aviso de privacidad - PLATY<\/title>\n<meta name=\"robots\" content=\"index, follow, max-snippet:-1, max-image-preview:large, max-video-preview:-1\" \/>\n<link rel=\"canonical\" href=\"https:\/\/platy.me\/en\/aviso-de-privacidad\/\" \/>\n<meta property=\"og:locale\" content=\"en_US\" \/>\n<meta property=\"og:type\" content=\"article\" \/>\n<meta property=\"og:title\" content=\"Aviso de privacidad - PLATY\" \/>\n<meta property=\"og:description\" content=\"Aviso de privacidad Aviso de Privacidad PLATY (PAY ASURRANCE SAS) Responsable del Tratamiento de sus Datos Personales Platy, con domicilio en Bogot\u00e1, es responsable del tratamiento de sus datos personales conforme a la Ley 1581 de 2012 y el Decreto 1377 de 2013. Finalidades del Tratamiento de sus Datos Personales Sus datos personales ser\u00e1n utilizados [&hellip;]\" \/>\n<meta property=\"og:url\" content=\"https:\/\/platy.me\/en\/aviso-de-privacidad\/\" \/>\n<meta property=\"og:site_name\" content=\"PLATY\" \/>\n<meta property=\"article:modified_time\" content=\"2024-07-22T20:35:01+00:00\" \/>\n<meta property=\"og:image\" content=\"https:\/\/platy.me\/wp-content\/uploads\/2022\/12\/LOGO-ICON-PLATY-blanco.png\" \/>\n<meta name=\"twitter:card\" content=\"summary_large_image\" \/>\n<meta name=\"twitter:label1\" content=\"Est. reading time\" \/>\n\t<meta name=\"twitter:data1\" content=\"3 minutes\" \/>\n<script type=\"application\/ld+json\" class=\"yoast-schema-graph\">{\"@context\":\"https:\\\/\\\/schema.org\",\"@graph\":[{\"@type\":\"WebPage\",\"@id\":\"https:\\\/\\\/platy.me\\\/aviso-de-privacidad\\\/\",\"url\":\"https:\\\/\\\/platy.me\\\/aviso-de-privacidad\\\/\",\"name\":\"Aviso de privacidad - PLATY\",\"isPartOf\":{\"@id\":\"https:\\\/\\\/platy.me\\\/#website\"},\"primaryImageOfPage\":{\"@id\":\"https:\\\/\\\/platy.me\\\/aviso-de-privacidad\\\/#primaryimage\"},\"image\":{\"@id\":\"https:\\\/\\\/platy.me\\\/aviso-de-privacidad\\\/#primaryimage\"},\"thumbnailUrl\":\"https:\\\/\\\/platy.me\\\/wp-content\\\/uploads\\\/2022\\\/12\\\/LOGO-ICON-PLATY-blanco.png\",\"datePublished\":\"2022-12-27T21:29:06+00:00\",\"dateModified\":\"2024-07-22T20:35:01+00:00\",\"breadcrumb\":{\"@id\":\"https:\\\/\\\/platy.me\\\/aviso-de-privacidad\\\/#breadcrumb\"},\"inLanguage\":\"en-US\",\"potentialAction\":[{\"@type\":\"ReadAction\",\"target\":[\"https:\\\/\\\/platy.me\\\/aviso-de-privacidad\\\/\"]}]},{\"@type\":\"ImageObject\",\"inLanguage\":\"en-US\",\"@id\":\"https:\\\/\\\/platy.me\\\/aviso-de-privacidad\\\/#primaryimage\",\"url\":\"https:\\\/\\\/platy.me\\\/wp-content\\\/uploads\\\/2022\\\/12\\\/LOGO-ICON-PLATY-blanco.png\",\"contentUrl\":\"https:\\\/\\\/platy.me\\\/wp-content\\\/uploads\\\/2022\\\/12\\\/LOGO-ICON-PLATY-blanco.png\"},{\"@type\":\"BreadcrumbList\",\"@id\":\"https:\\\/\\\/platy.me\\\/aviso-de-privacidad\\\/#breadcrumb\",\"itemListElement\":[{\"@type\":\"ListItem\",\"position\":1,\"name\":\"Portada\",\"item\":\"https:\\\/\\\/platy.me\\\/\"},{\"@type\":\"ListItem\",\"position\":2,\"name\":\"Aviso de privacidad\"}]},{\"@type\":\"WebSite\",\"@id\":\"https:\\\/\\\/platy.me\\\/#website\",\"url\":\"https:\\\/\\\/platy.me\\\/\",\"name\":\"PLATY\",\"description\":\"Pasarela de pago en Colombia\",\"publisher\":{\"@id\":\"https:\\\/\\\/platy.me\\\/#organization\"},\"potentialAction\":[{\"@type\":\"SearchAction\",\"target\":{\"@type\":\"EntryPoint\",\"urlTemplate\":\"https:\\\/\\\/platy.me\\\/?s={search_term_string}\"},\"query-input\":{\"@type\":\"PropertyValueSpecification\",\"valueRequired\":true,\"valueName\":\"search_term_string\"}}],\"inLanguage\":\"en-US\"},{\"@type\":\"Organization\",\"@id\":\"https:\\\/\\\/platy.me\\\/#organization\",\"name\":\"PLATY\",\"url\":\"https:\\\/\\\/platy.me\\\/\",\"logo\":{\"@type\":\"ImageObject\",\"inLanguage\":\"en-US\",\"@id\":\"https:\\\/\\\/platy.me\\\/#\\\/schema\\\/logo\\\/image\\\/\",\"url\":\"https:\\\/\\\/platy.me\\\/wp-content\\\/uploads\\\/2022\\\/12\\\/Platy_Positivo-min.png\",\"contentUrl\":\"https:\\\/\\\/platy.me\\\/wp-content\\\/uploads\\\/2022\\\/12\\\/Platy_Positivo-min.png\",\"width\":942,\"height\":288,\"caption\":\"PLATY\"},\"image\":{\"@id\":\"https:\\\/\\\/platy.me\\\/#\\\/schema\\\/logo\\\/image\\\/\"}}]}<\/script>\n<!-- \/ Yoast SEO plugin. -->","yoast_head_json":{"title":"Aviso de privacidad - PLATY","robots":{"index":"index","follow":"follow","max-snippet":"max-snippet:-1","max-image-preview":"max-image-preview:large","max-video-preview":"max-video-preview:-1"},"canonical":"https:\/\/platy.me\/en\/aviso-de-privacidad\/","og_locale":"en_US","og_type":"article","og_title":"Aviso de privacidad - PLATY","og_description":"Aviso de privacidad Aviso de Privacidad PLATY (PAY ASURRANCE SAS) Responsable del Tratamiento de sus Datos Personales Platy, con domicilio en Bogot\u00e1, es responsable del tratamiento de sus datos personales conforme a la Ley 1581 de 2012 y el Decreto 1377 de 2013. Finalidades del Tratamiento de sus Datos Personales Sus datos personales ser\u00e1n utilizados [&hellip;]","og_url":"https:\/\/platy.me\/en\/aviso-de-privacidad\/","og_site_name":"PLATY","article_modified_time":"2024-07-22T20:35:01+00:00","og_image":[{"url":"https:\/\/platy.me\/wp-content\/uploads\/2022\/12\/LOGO-ICON-PLATY-blanco.png","type":"","width":"","height":""}],"twitter_card":"summary_large_image","twitter_misc":{"Est. reading time":"3 minutes"},"schema":{"@context":"https:\/\/schema.org","@graph":[{"@type":"WebPage","@id":"https:\/\/platy.me\/aviso-de-privacidad\/","url":"https:\/\/platy.me\/aviso-de-privacidad\/","name":"Aviso de privacidad - PLATY","isPartOf":{"@id":"https:\/\/platy.me\/#website"},"primaryImageOfPage":{"@id":"https:\/\/platy.me\/aviso-de-privacidad\/#primaryimage"},"image":{"@id":"https:\/\/platy.me\/aviso-de-privacidad\/#primaryimage"},"thumbnailUrl":"https:\/\/platy.me\/wp-content\/uploads\/2022\/12\/LOGO-ICON-PLATY-blanco.png","datePublished":"2022-12-27T21:29:06+00:00","dateModified":"2024-07-22T20:35:01+00:00","breadcrumb":{"@id":"https:\/\/platy.me\/aviso-de-privacidad\/#breadcrumb"},"inLanguage":"en-US","potentialAction":[{"@type":"ReadAction","target":["https:\/\/platy.me\/aviso-de-privacidad\/"]}]},{"@type":"ImageObject","inLanguage":"en-US","@id":"https:\/\/platy.me\/aviso-de-privacidad\/#primaryimage","url":"https:\/\/platy.me\/wp-content\/uploads\/2022\/12\/LOGO-ICON-PLATY-blanco.png","contentUrl":"https:\/\/platy.me\/wp-content\/uploads\/2022\/12\/LOGO-ICON-PLATY-blanco.png"},{"@type":"BreadcrumbList","@id":"https:\/\/platy.me\/aviso-de-privacidad\/#breadcrumb","itemListElement":[{"@type":"ListItem","position":1,"name":"Portada","item":"https:\/\/platy.me\/"},{"@type":"ListItem","position":2,"name":"Aviso de privacidad"}]},{"@type":"WebSite","@id":"https:\/\/platy.me\/#website","url":"https:\/\/platy.me\/","name":"PLATY","description":"Pasarela de pago en Colombia","publisher":{"@id":"https:\/\/platy.me\/#organization"},"potentialAction":[{"@type":"SearchAction","target":{"@type":"EntryPoint","urlTemplate":"https:\/\/platy.me\/?s={search_term_string}"},"query-input":{"@type":"PropertyValueSpecification","valueRequired":true,"valueName":"search_term_string"}}],"inLanguage":"en-US"},{"@type":"Organization","@id":"https:\/\/platy.me\/#organization","name":"PLATY","url":"https:\/\/platy.me\/","logo":{"@type":"ImageObject","inLanguage":"en-US","@id":"https:\/\/platy.me\/#\/schema\/logo\/image\/","url":"https:\/\/platy.me\/wp-content\/uploads\/2022\/12\/Platy_Positivo-min.png","contentUrl":"https:\/\/platy.me\/wp-content\/uploads\/2022\/12\/Platy_Positivo-min.png","width":942,"height":288,"caption":"PLATY"},"image":{"@id":"https:\/\/platy.me\/#\/schema\/logo\/image\/"}}]}},"_links":{"self":[{"href":"https:\/\/platy.me\/en\/wp-json\/wp\/v2\/pages\/2170","targetHints":{"allow":["GET"]}}],"collection":[{"href":"https:\/\/platy.me\/en\/wp-json\/wp\/v2\/pages"}],"about":[{"href":"https:\/\/platy.me\/en\/wp-json\/wp\/v2\/types\/page"}],"author":[{"embeddable":true,"href":"https:\/\/platy.me\/en\/wp-json\/wp\/v2\/users\/1"}],"replies":[{"embeddable":true,"href":"https:\/\/platy.me\/en\/wp-json\/wp\/v2\/comments?post=2170"}],"version-history":[{"count":23,"href":"https:\/\/platy.me\/en\/wp-json\/wp\/v2\/pages\/2170\/revisions"}],"predecessor-version":[{"id":3293,"href":"https:\/\/platy.me\/en\/wp-json\/wp\/v2\/pages\/2170\/revisions\/3293"}],"wp:attachment":[{"href":"https:\/\/platy.me\/en\/wp-json\/wp\/v2\/media?parent=2170"}],"curies":[{"name":"wp","href":"https:\/\/api.w.org\/{rel}","templated":true}]}}